{"id":3,"date":"2025-04-19T09:36:13","date_gmt":"2025-04-19T09:36:13","guid":{"rendered":"http:\/\/codelia.io\/?page_id=3"},"modified":"2025-05-08T21:38:42","modified_gmt":"2025-05-08T21:38:42","slug":"privacy-policy","status":"publish","type":"page","link":"https:\/\/codelia.io\/en\/privacy-policy\/","title":{"rendered":"Privacy Policy"},"content":{"rendered":"<div data-elementor-type=\"wp-page\" data-elementor-id=\"3\" class=\"elementor elementor-3\">\n\t\t\t\t<div class=\"elementor-element elementor-element-2771fb58 e-flex e-con-boxed e-con e-parent\" data-id=\"2771fb58\" data-element_type=\"container\">\n\t\t\t\t\t<div class=\"e-con-inner\">\n\t\t\t\t<div class=\"elementor-element elementor-element-6cfabd83 elementor-widget elementor-widget-text-editor\" data-id=\"6cfabd83\" data-element_type=\"widget\" data-widget_type=\"text-editor.default\">\n\t\t\t\t<div class=\"elementor-widget-container\">\n\t\t\t\t\t\t\t\t\t<h2 class=\"\" data-start=\"238\" data-end=\"263\"><strong>Pol\u00edtica de Privacidad<\/strong><\/h2><p class=\"\" data-start=\"265\" data-end=\"422\">En <strong data-start=\"268\" data-end=\"279\">Codelia<\/strong> nos tomamos en serio tu privacidad. Esta pol\u00edtica describe qu\u00e9 datos personales recopilamos, c\u00f3mo los usamos y c\u00f3mo protegemos tu informaci\u00f3n.<\/p><h3 class=\"\" data-start=\"424\" data-end=\"454\">1. \u00bfQu\u00e9 datos recopilamos?<\/h3><ul data-start=\"456\" data-end=\"627\"><li class=\"\" data-start=\"456\" data-end=\"520\"><p class=\"\" data-start=\"458\" data-end=\"520\">Informaci\u00f3n que complet\u00e1s en formularios (nombre, email, etc.)<\/p><\/li><li class=\"\" data-start=\"521\" data-end=\"560\"><p class=\"\" data-start=\"523\" data-end=\"560\">Comentarios y mensajes que nos env\u00edes<\/p><\/li><li class=\"\" data-start=\"561\" data-end=\"627\"><p class=\"\" data-start=\"563\" data-end=\"627\">Datos t\u00e9cnicos como tu direcci\u00f3n IP, tipo de navegador y cookies<\/p><\/li><\/ul><h3 class=\"\" data-start=\"629\" data-end=\"659\">2. \u00bfC\u00f3mo usamos tus datos?<\/h3><p class=\"\" data-start=\"661\" data-end=\"687\">Utilizamos tus datos para:<\/p><ul data-start=\"688\" data-end=\"846\"><li class=\"\" data-start=\"688\" data-end=\"728\"><p class=\"\" data-start=\"690\" data-end=\"728\">Responder tus consultas o presupuestos<\/p><\/li><li class=\"\" data-start=\"729\" data-end=\"765\"><p class=\"\" data-start=\"731\" data-end=\"765\">Mejorar tu experiencia en el sitio<\/p><\/li><li class=\"\" data-start=\"766\" data-end=\"846\"><p class=\"\" data-start=\"768\" data-end=\"846\">Enviarte informaci\u00f3n relacionada con nuestros servicios (solo si lo solicit\u00e1s)<\/p><\/li><\/ul><h3 class=\"\" data-start=\"848\" data-end=\"862\">3. Cookies<\/h3><p class=\"\" data-start=\"864\" data-end=\"1010\">Este sitio utiliza cookies para analizar el tr\u00e1fico y mejorar tu experiencia. Pod\u00e9s desactivar las cookies desde la configuraci\u00f3n de tu navegador.<\/p><h3 class=\"\" data-start=\"1012\" data-end=\"1042\">4. Formularios de contacto<\/h3><p class=\"\" data-start=\"1044\" data-end=\"1187\">Si nos escrib\u00eds a trav\u00e9s de formularios, guardamos tu nombre y correo electr\u00f3nico solo para responderte. No compartimos tus datos con terceros.<\/p><h3 class=\"\" data-start=\"1189\" data-end=\"1207\">5. Comentarios<\/h3><p class=\"\" data-start=\"1209\" data-end=\"1338\">Cuando dej\u00e1s un comentario, recopilamos los datos que se muestran en el formulario y tu direcci\u00f3n IP para ayudar a detectar spam.<\/p><h3 class=\"\" data-start=\"1340\" data-end=\"1380\">6. \u00bfCon qui\u00e9n compartimos tus datos?<\/h3><p class=\"\" data-start=\"1382\" data-end=\"1484\">No vendemos ni compartimos tu informaci\u00f3n personal con terceros, excepto cuando sea requerido por ley.<\/p><h3 class=\"\" data-start=\"1486\" data-end=\"1505\">7. Tus derechos<\/h3><p class=\"\" data-start=\"1507\" data-end=\"1665\">Pod\u00e9s solicitar el acceso, modificaci\u00f3n o eliminaci\u00f3n de tus datos personales en cualquier momento escribi\u00e9ndonos a: contacto@codelia.io<\/p><h3 class=\"\" data-start=\"1667\" data-end=\"1683\">8. Seguridad<\/h3><p class=\"\" data-start=\"1685\" data-end=\"1775\">Protegemos tu informaci\u00f3n mediante buenas pr\u00e1cticas de seguridad y tecnolog\u00eda actualizada.<\/p><p><!-- \/wp:paragraph --><\/p>\t\t\t\t\t\t\t\t<\/div>\n\t\t\t\t<\/div>\n\t\t\t\t\t<\/div>\n\t\t\t\t<\/div>\n\t\t\t\t<\/div>","protected":false},"excerpt":{"rendered":"<p>Pol\u00edtica de Privacidad En Codelia nos tomamos en serio tu privacidad. Esta pol\u00edtica describe qu\u00e9 datos personales recopilamos, c\u00f3mo los [&hellip;]<\/p>","protected":false},"author":1,"featured_media":0,"parent":0,"menu_order":0,"comment_status":"closed","ping_status":"closed","template":"elementor_header_footer","meta":{"_uag_custom_page_level_css":"","site-sidebar-layout":"default","site-content-layout":"","ast-site-content-layout":"","site-content-style":"default","site-sidebar-style":"default","ast-global-header-display":"","ast-banner-title-visibility":"","ast-main-header-display":"","ast-hfb-above-header-display":"","ast-hfb-below-header-display":"","ast-hfb-mobile-header-display":"","site-post-title":"","ast-breadcrumbs-content":"","ast-featured-img":"","footer-sml-layout":"","theme-transparent-header-meta":"","adv-header-id-meta":"","stick-header-meta":"","header-above-stick-meta":"","header-main-stick-meta":"","header-below-stick-meta":"","astra-migrate-meta-layouts":"default","ast-page-background-enabled":"default","ast-page-background-meta":{"desktop":{"background-color":"","background-image":"","background-repeat":"repeat","background-position":"center center","background-size":"auto","background-attachment":"scroll","background-type":"","background-media":"","overlay-type":"","overlay-color":"","overlay-opacity":"","overlay-gradient":""},"tablet":{"background-color":"","background-image":"","background-repeat":"repeat","background-position":"center center","background-size":"auto","background-attachment":"scroll","background-type":"","background-media":"","overlay-type":"","overlay-color":"","overlay-opacity":"","overlay-gradient":""},"mobile":{"background-color":"","background-image":"","background-repeat":"repeat","background-position":"center center","background-size":"auto","background-attachment":"scroll","background-type":"","background-media":"","overlay-type":"","overlay-color":"","overlay-opacity":"","overlay-gradient":""}},"ast-content-background-meta":{"desktop":{"background-color":"var(--ast-global-color-5)","background-image":"","background-repeat":"repeat","background-position":"center center","background-size":"auto","background-attachment":"scroll","background-type":"","background-media":"","overlay-type":"","overlay-color":"","overlay-opacity":"","overlay-gradient":""},"tablet":{"background-color":"var(--ast-global-color-5)","background-image":"","background-repeat":"repeat","background-position":"center center","background-size":"auto","background-attachment":"scroll","background-type":"","background-media":"","overlay-type":"","overlay-color":"","overlay-opacity":"","overlay-gradient":""},"mobile":{"background-color":"var(--ast-global-color-5)","background-image":"","background-repeat":"repeat","background-position":"center center","background-size":"auto","background-attachment":"scroll","background-type":"","background-media":"","overlay-type":"","overlay-color":"","overlay-opacity":"","overlay-gradient":""}},"footnotes":""},"class_list":["post-3","page","type-page","status-publish","hentry"],"aioseo_notices":[],"uagb_featured_image_src":{"full":false,"thumbnail":false,"medium":false,"medium_large":false,"large":false,"1536x1536":false,"2048x2048":false,"trp-custom-language-flag":false},"uagb_author_info":{"display_name":"Codelia","author_link":"https:\/\/codelia.io\/en\/author\/santiagobrena9gmail-com\/"},"uagb_comment_info":0,"uagb_excerpt":"Pol\u00edtica de Privacidad En Codelia nos tomamos en serio tu privacidad. Esta pol\u00edtica describe qu\u00e9 datos personales recopilamos, c\u00f3mo los [&hellip;]","_links":{"self":[{"href":"https:\/\/codelia.io\/en\/wp-json\/wp\/v2\/pages\/3","targetHints":{"allow":["GET"]}}],"collection":[{"href":"https:\/\/codelia.io\/en\/wp-json\/wp\/v2\/pages"}],"about":[{"href":"https:\/\/codelia.io\/en\/wp-json\/wp\/v2\/types\/page"}],"author":[{"embeddable":true,"href":"https:\/\/codelia.io\/en\/wp-json\/wp\/v2\/users\/1"}],"replies":[{"embeddable":true,"href":"https:\/\/codelia.io\/en\/wp-json\/wp\/v2\/comments?post=3"}],"version-history":[{"count":12,"href":"https:\/\/codelia.io\/en\/wp-json\/wp\/v2\/pages\/3\/revisions"}],"predecessor-version":[{"id":3577,"href":"https:\/\/codelia.io\/en\/wp-json\/wp\/v2\/pages\/3\/revisions\/3577"}],"wp:attachment":[{"href":"https:\/\/codelia.io\/en\/wp-json\/wp\/v2\/media?parent=3"}],"curies":[{"name":"wp","href":"https:\/\/api.w.org\/{rel}","templated":true}]}}